{"id":77,"date":"2024-06-17T05:30:03","date_gmt":"2024-06-17T03:30:03","guid":{"rendered":"https:\/\/ebcreation.fr\/?page_id=77"},"modified":"2026-02-05T14:14:02","modified_gmt":"2026-02-05T13:14:02","slug":"impression3d-conception","status":"publish","type":"page","link":"https:\/\/ebcreation.fr\/index.php\/impression3d-conception\/","title":{"rendered":"Impression 3D"},"content":{"rendered":"\t\t<div data-elementor-type=\"wp-page\" data-elementor-id=\"77\" class=\"elementor elementor-77\">\n\t\t\t\t<div class=\"elementor-element elementor-element-cc20495 e-flex e-con-boxed e-con e-parent\" data-id=\"cc20495\" data-element_type=\"container\" data-e-type=\"container\">\n\t\t\t\t\t<div class=\"e-con-inner\">\n\t\t\t\t<div class=\"elementor-element elementor-element-c39f16a elementor-widget elementor-widget-heading\" data-id=\"c39f16a\" data-element_type=\"widget\" data-e-type=\"widget\" data-widget_type=\"heading.default\">\n\t\t\t\t<div class=\"elementor-widget-container\">\n\t\t\t\t\t<h1 class=\"elementor-heading-title elementor-size-default\">Conception et Impression 3D <\/h1>\t\t\t\t<\/div>\n\t\t\t\t<\/div>\n\t\t\t\t\t<\/div>\n\t\t\t\t<\/div>\n\t\t<div class=\"elementor-element elementor-element-e7666f4 e-flex e-con-boxed e-con e-parent\" data-id=\"e7666f4\" data-element_type=\"container\" data-e-type=\"container\">\n\t\t\t\t\t<div class=\"e-con-inner\">\n\t\t<div class=\"elementor-element elementor-element-eb061e8 e-con-full e-flex e-con e-child\" data-id=\"eb061e8\" data-element_type=\"container\" data-e-type=\"container\">\n\t\t\t\t<div class=\"elementor-element elementor-element-cee3774 elementor-widget elementor-widget-heading\" data-id=\"cee3774\" data-element_type=\"widget\" data-e-type=\"widget\" data-widget_type=\"heading.default\">\n\t\t\t\t<div class=\"elementor-widget-container\">\n\t\t\t\t\t<h2 class=\"elementor-heading-title elementor-size-default\">Utiles<\/h2>\t\t\t\t<\/div>\n\t\t\t\t<\/div>\n\t\t\t\t<div class=\"elementor-element elementor-element-7d0fd41 elementor-widget elementor-widget-heading\" data-id=\"7d0fd41\" data-element_type=\"widget\" data-e-type=\"widget\" data-widget_type=\"heading.default\">\n\t\t\t\t<div class=\"elementor-widget-container\">\n\t\t\t\t\t<h3 class=\"elementor-heading-title elementor-size-default\">Objets cr\u00e9\u00e9s et imprim\u00e9s par mes soins<\/h3>\t\t\t\t<\/div>\n\t\t\t\t<\/div>\n\t\t\t\t<div class=\"elementor-element elementor-element-9e884a6 elementor-widget elementor-widget-text-editor\" data-id=\"9e884a6\" data-element_type=\"widget\" data-e-type=\"widget\" data-widget_type=\"text-editor.default\">\n\t\t\t\t<div class=\"elementor-widget-container\">\n\t\t\t\t\t\t\t\t\t<p data-pm-slice=\"1 1 []\">Je con\u00e7ois et imprime divers objets utiles et gadgets, enti\u00e8rement dessin\u00e9s et r\u00e9alis\u00e9s par mes soins.<br \/>Il est \u00e9galement possible de commander des prototypes, des objets personnalis\u00e9s, des goodies et bien plus encore<\/p>\t\t\t\t\t\t\t\t<\/div>\n\t\t\t\t<\/div>\n\t\t\t\t<div class=\"elementor-element elementor-element-05946db elementor-widget elementor-widget-image-gallery\" data-id=\"05946db\" data-element_type=\"widget\" data-e-type=\"widget\" data-widget_type=\"image-gallery.default\">\n\t\t\t\t<div class=\"elementor-widget-container\">\n\t\t\t\t\t\t\t<div class=\"elementor-image-gallery\">\n\t\t\t<div id='gallery-1' class='gallery galleryid-77 gallery-columns-4 gallery-size-thumbnail'><figure class='gallery-item'>\n\t\t\t<div class='gallery-icon landscape'>\n\t\t\t\t<a data-elementor-open-lightbox=\"yes\" data-elementor-lightbox-slideshow=\"05946db\" data-elementor-lightbox-title=\"Embout Piscine\" data-elementor-lightbox-description=\"EB Cr\u00e9ation Impression 3D Embout Piscine\" data-e-action-hash=\"#elementor-action%3Aaction%3Dlightbox%26settings%3DeyJpZCI6MjIwLCJ1cmwiOiJodHRwczpcL1wvZWJjcmVhdGlvbi5mclwvd3AtY29udGVudFwvdXBsb2Fkc1wvMjAyNFwvMDdcLzNkLUVCY3JlYXRpb24tcGlzY2luZS5qcGciLCJzbGlkZXNob3ciOiIwNTk0NmRiIn0%3D\" href='https:\/\/ebcreation.fr\/wp-content\/uploads\/2024\/07\/3d-EBcreation-piscine.jpg'><img decoding=\"async\" width=\"150\" height=\"150\" src=\"https:\/\/ebcreation.fr\/wp-content\/uploads\/2024\/07\/3d-EBcreation-piscine.jpg\" class=\"attachment-thumbnail size-thumbnail\" alt=\"EB Cr\u00e9ation Impression 3D Embout Piscine\" aria-describedby=\"gallery-1-220\" \/><\/a>\n\t\t\t<\/div>\n\t\t\t\t<figcaption class='wp-caption-text gallery-caption' id='gallery-1-220'>\n\t\t\t\tEmbout Piscine\n\t\t\t\t<\/figcaption><\/figure><figure class='gallery-item'>\n\t\t\t<div class='gallery-icon landscape'>\n\t\t\t\t<a data-elementor-open-lightbox=\"yes\" data-elementor-lightbox-slideshow=\"05946db\" data-elementor-lightbox-title=\"T\u00eate impression MyXCore300\" data-elementor-lightbox-description=\"EB Cr\u00e9ation Impression 3D MyXCore300\" data-e-action-hash=\"#elementor-action%3Aaction%3Dlightbox%26settings%3DeyJpZCI6MjE4LCJ1cmwiOiJodHRwczpcL1wvZWJjcmVhdGlvbi5mclwvd3AtY29udGVudFwvdXBsb2Fkc1wvMjAyNFwvMDdcLzNkLUVCY3JlYXRpb24tbXl4Y29yZTMwMC5qcGciLCJzbGlkZXNob3ciOiIwNTk0NmRiIn0%3D\" href='https:\/\/ebcreation.fr\/wp-content\/uploads\/2024\/07\/3d-EBcreation-myxcore300.jpg'><img decoding=\"async\" width=\"150\" height=\"150\" src=\"https:\/\/ebcreation.fr\/wp-content\/uploads\/2024\/07\/3d-EBcreation-myxcore300.jpg\" class=\"attachment-thumbnail size-thumbnail\" alt=\"EB Cr\u00e9ation Impression 3D MyXCore300\" aria-describedby=\"gallery-1-218\" \/><\/a>\n\t\t\t<\/div>\n\t\t\t\t<figcaption class='wp-caption-text gallery-caption' id='gallery-1-218'>\n\t\t\t\tT\u00eate impression  MyXCore300\n\t\t\t\t<\/figcaption><\/figure><figure class='gallery-item'>\n\t\t\t<div class='gallery-icon landscape'>\n\t\t\t\t<a data-elementor-open-lightbox=\"yes\" data-elementor-lightbox-slideshow=\"05946db\" data-elementor-lightbox-title=\"Pi\u00e8ces Imprimantes Ultimaker\" data-elementor-lightbox-description=\"EB Cr\u00e9ation Impression 3D Pi\u00e8ces Ultimaker\" data-e-action-hash=\"#elementor-action%3Aaction%3Dlightbox%26settings%3DeyJpZCI6MjIxLCJ1cmwiOiJodHRwczpcL1wvZWJjcmVhdGlvbi5mclwvd3AtY29udGVudFwvdXBsb2Fkc1wvMjAyNFwvMDdcLzNkLUVCY3JlYXRpb24tcmVwYXJhdGlvbi1pbXByaW1hbnRlLmpwZyIsInNsaWRlc2hvdyI6IjA1OTQ2ZGIifQ%3D%3D\" href='https:\/\/ebcreation.fr\/wp-content\/uploads\/2024\/07\/3d-EBcreation-reparation-imprimante.jpg'><img decoding=\"async\" width=\"150\" height=\"150\" src=\"https:\/\/ebcreation.fr\/wp-content\/uploads\/2024\/07\/3d-EBcreation-reparation-imprimante.jpg\" class=\"attachment-thumbnail size-thumbnail\" alt=\"EB Cr\u00e9ation Impression 3D Pi\u00e8ces Ultimaker\" aria-describedby=\"gallery-1-221\" \/><\/a>\n\t\t\t<\/div>\n\t\t\t\t<figcaption class='wp-caption-text gallery-caption' id='gallery-1-221'>\n\t\t\t\tPi\u00e8ces Imprimante Ultimaker\n\t\t\t\t<\/figcaption><\/figure><figure class='gallery-item'>\n\t\t\t<div class='gallery-icon portrait'>\n\t\t\t\t<a data-elementor-open-lightbox=\"yes\" data-elementor-lightbox-slideshow=\"05946db\" data-elementor-lightbox-title=\"Avengers-3D-EBCr\u00e9ation\" data-elementor-lightbox-description=\"EB Cr\u00e9ation Impression 3D Support Casque Avengers\" data-e-action-hash=\"#elementor-action%3Aaction%3Dlightbox%26settings%3DeyJpZCI6MjEwLCJ1cmwiOiJodHRwczpcL1wvZWJjcmVhdGlvbi5mclwvd3AtY29udGVudFwvdXBsb2Fkc1wvMjAyNFwvMDdcL0F2ZW5nZXJzLTNELUVCQ3JlYXRpb24uanBnIiwic2xpZGVzaG93IjoiMDU5NDZkYiJ9\" href='https:\/\/ebcreation.fr\/wp-content\/uploads\/2024\/07\/Avengers-3D-EBCreation.jpg'><img loading=\"lazy\" decoding=\"async\" width=\"150\" height=\"150\" src=\"https:\/\/ebcreation.fr\/wp-content\/uploads\/2024\/07\/Avengers-3D-EBCreation-150x150.jpg\" class=\"attachment-thumbnail size-thumbnail\" alt=\"EB Cr\u00e9ation Impression 3D Support Casque Avengers\" aria-describedby=\"gallery-1-210\" \/><\/a>\n\t\t\t<\/div>\n\t\t\t\t<figcaption class='wp-caption-text gallery-caption' id='gallery-1-210'>\n\t\t\t\tSupport Casque Avengers\n\t\t\t\t<\/figcaption><\/figure>\n\t\t<\/div>\n\t\t<\/div>\n\t\t\t\t\t\t<\/div>\n\t\t\t\t<\/div>\n\t\t\t\t<\/div>\n\t\t<div class=\"elementor-element elementor-element-54f57d3 e-con-full e-flex e-con e-child\" data-id=\"54f57d3\" data-element_type=\"container\" data-e-type=\"container\">\n\t\t\t\t<div class=\"elementor-element elementor-element-f177637 elementor-widget elementor-widget-heading\" data-id=\"f177637\" data-element_type=\"widget\" data-e-type=\"widget\" data-widget_type=\"heading.default\">\n\t\t\t\t<div class=\"elementor-widget-container\">\n\t\t\t\t\t<h2 class=\"elementor-heading-title elementor-size-default\">D\u00e9cos<\/h2>\t\t\t\t<\/div>\n\t\t\t\t<\/div>\n\t\t\t\t<div class=\"elementor-element elementor-element-fbc39d1 elementor-widget elementor-widget-heading\" data-id=\"fbc39d1\" data-element_type=\"widget\" data-e-type=\"widget\" data-widget_type=\"heading.default\">\n\t\t\t\t<div class=\"elementor-widget-container\">\n\t\t\t\t\t<h3 class=\"elementor-heading-title elementor-size-default\">Objets de d\u00e9cos,  Jeux de R\u00f4les,  ...\n<\/h3>\t\t\t\t<\/div>\n\t\t\t\t<\/div>\n\t\t\t\t<div class=\"elementor-element elementor-element-f33439d elementor-widget elementor-widget-text-editor\" data-id=\"f33439d\" data-element_type=\"widget\" data-e-type=\"widget\" data-widget_type=\"text-editor.default\">\n\t\t\t\t<div class=\"elementor-widget-container\">\n\t\t\t\t\t\t\t\t\t<p data-pm-slice=\"1 1 []\">D\u00e9couvrez mes objets de d\u00e9coration imprim\u00e9s en 3D sur mes machines. <br \/>Une nouvelle rubrique est d\u00e9sormais disponible : les personnages et d\u00e9cors pour jeux de r\u00f4les, r\u00e9alis\u00e9s en partenariat avec le talentueux peintre Guillaume Te.<\/p>\t\t\t\t\t\t\t\t<\/div>\n\t\t\t\t<\/div>\n\t\t\t\t<div class=\"elementor-element elementor-element-dc90e84 elementor-widget elementor-widget-image-gallery\" data-id=\"dc90e84\" data-element_type=\"widget\" data-e-type=\"widget\" data-widget_type=\"image-gallery.default\">\n\t\t\t\t<div class=\"elementor-widget-container\">\n\t\t\t\t\t\t\t<div class=\"elementor-image-gallery\">\n\t\t\t<div id='gallery-2' class='gallery galleryid-77 gallery-columns-4 gallery-size-thumbnail'><figure class='gallery-item'>\n\t\t\t<div class='gallery-icon portrait'>\n\t\t\t\t<a data-elementor-open-lightbox=\"yes\" data-elementor-lightbox-slideshow=\"dc90e84\" data-elementor-lightbox-title=\"Buddha Vador\" data-elementor-lightbox-description=\"EB Cr\u00e9ation Impression 3D Buddha Vador\" data-e-action-hash=\"#elementor-action%3Aaction%3Dlightbox%26settings%3DeyJpZCI6MjE0LCJ1cmwiOiJodHRwczpcL1wvZWJjcmVhdGlvbi5mclwvd3AtY29udGVudFwvdXBsb2Fkc1wvMjAyNFwvMDdcL1ZhZG8tQnVkaGEtM0QtRUJDcmVhdGlvbi5qcGciLCJzbGlkZXNob3ciOiJkYzkwZTg0In0%3D\" href='https:\/\/ebcreation.fr\/wp-content\/uploads\/2024\/07\/Vado-Budha-3D-EBCreation.jpg'><img loading=\"lazy\" decoding=\"async\" width=\"150\" height=\"150\" src=\"https:\/\/ebcreation.fr\/wp-content\/uploads\/2024\/07\/Vado-Budha-3D-EBCreation-150x150.jpg\" class=\"attachment-thumbnail size-thumbnail\" alt=\"EB Cr\u00e9ation Impression 3D Buddha Vador\" aria-describedby=\"gallery-2-214\" \/><\/a>\n\t\t\t<\/div>\n\t\t\t\t<figcaption class='wp-caption-text gallery-caption' id='gallery-2-214'>\n\t\t\t\tBuddha Vador\n\t\t\t\t<\/figcaption><\/figure><figure class='gallery-item'>\n\t\t\t<div class='gallery-icon portrait'>\n\t\t\t\t<a data-elementor-open-lightbox=\"yes\" data-elementor-lightbox-slideshow=\"dc90e84\" data-elementor-lightbox-title=\"Mythosaure-3D-EBCr\u00e9ation\" data-elementor-lightbox-description=\"EB Cr\u00e9ation Impression 3D Mythosaure\" data-e-action-hash=\"#elementor-action%3Aaction%3Dlightbox%26settings%3DeyJpZCI6MjEyLCJ1cmwiOiJodHRwczpcL1wvZWJjcmVhdGlvbi5mclwvd3AtY29udGVudFwvdXBsb2Fkc1wvMjAyNFwvMDdcL015dGhvc2F1cmUtM0QtRUJDcmVhdGlvbi5qcGciLCJzbGlkZXNob3ciOiJkYzkwZTg0In0%3D\" href='https:\/\/ebcreation.fr\/wp-content\/uploads\/2024\/07\/Mythosaure-3D-EBCreation.jpg'><img loading=\"lazy\" decoding=\"async\" width=\"150\" height=\"150\" src=\"https:\/\/ebcreation.fr\/wp-content\/uploads\/2024\/07\/Mythosaure-3D-EBCreation-150x150.jpg\" class=\"attachment-thumbnail size-thumbnail\" alt=\"EB Cr\u00e9ation Impression 3D Mythosaure\" aria-describedby=\"gallery-2-212\" \/><\/a>\n\t\t\t<\/div>\n\t\t\t\t<figcaption class='wp-caption-text gallery-caption' id='gallery-2-212'>\n\t\t\t\tMythosaure\n\t\t\t\t<\/figcaption><\/figure><figure class='gallery-item'>\n\t\t\t<div class='gallery-icon portrait'>\n\t\t\t\t<a data-elementor-open-lightbox=\"yes\" data-elementor-lightbox-slideshow=\"dc90e84\" data-elementor-lightbox-title=\"Thanos-3D-EBCr\u00e9ation\" data-elementor-lightbox-description=\"EB Cr\u00e9ation Impression 3D Buste Thanos\" data-e-action-hash=\"#elementor-action%3Aaction%3Dlightbox%26settings%3DeyJpZCI6MjEzLCJ1cmwiOiJodHRwczpcL1wvZWJjcmVhdGlvbi5mclwvd3AtY29udGVudFwvdXBsb2Fkc1wvMjAyNFwvMDdcL1RoYW5vcy0zRC1FQkNyZWF0aW9uLmpwZyIsInNsaWRlc2hvdyI6ImRjOTBlODQifQ%3D%3D\" href='https:\/\/ebcreation.fr\/wp-content\/uploads\/2024\/07\/Thanos-3D-EBCreation.jpg'><img loading=\"lazy\" decoding=\"async\" width=\"150\" height=\"150\" src=\"https:\/\/ebcreation.fr\/wp-content\/uploads\/2024\/07\/Thanos-3D-EBCreation-150x150.jpg\" class=\"attachment-thumbnail size-thumbnail\" alt=\"EB Cr\u00e9ation Impression 3D Buste Thanos\" aria-describedby=\"gallery-2-213\" \/><\/a>\n\t\t\t<\/div>\n\t\t\t\t<figcaption class='wp-caption-text gallery-caption' id='gallery-2-213'>\n\t\t\t\tBuste Thanos\n\t\t\t\t<\/figcaption><\/figure><figure class='gallery-item'>\n\t\t\t<div class='gallery-icon portrait'>\n\t\t\t\t<a data-elementor-open-lightbox=\"yes\" data-elementor-lightbox-slideshow=\"dc90e84\" data-elementor-lightbox-title=\"Batman-3D-EBCr\u00e9ation\" data-elementor-lightbox-description=\"EB Cr\u00e9ation Impression 3D Buste Batman\" data-e-action-hash=\"#elementor-action%3Aaction%3Dlightbox%26settings%3DeyJpZCI6MjExLCJ1cmwiOiJodHRwczpcL1wvZWJjcmVhdGlvbi5mclwvd3AtY29udGVudFwvdXBsb2Fkc1wvMjAyNFwvMDdcL0JhdG1hbi0zRC1FQkNyZWF0aW9uLmpwZyIsInNsaWRlc2hvdyI6ImRjOTBlODQifQ%3D%3D\" href='https:\/\/ebcreation.fr\/wp-content\/uploads\/2024\/07\/Batman-3D-EBCreation.jpg'><img loading=\"lazy\" decoding=\"async\" width=\"150\" height=\"150\" src=\"https:\/\/ebcreation.fr\/wp-content\/uploads\/2024\/07\/Batman-3D-EBCreation-150x150.jpg\" class=\"attachment-thumbnail size-thumbnail\" alt=\"EB Cr\u00e9ation Impression 3D Buste Batman\" aria-describedby=\"gallery-2-211\" \/><\/a>\n\t\t\t<\/div>\n\t\t\t\t<figcaption class='wp-caption-text gallery-caption' id='gallery-2-211'>\n\t\t\t\tBuste Batman\n\t\t\t\t<\/figcaption><\/figure>\n\t\t<\/div>\n\t\t<\/div>\n\t\t\t\t\t\t<\/div>\n\t\t\t\t<\/div>\n\t\t\t\t<\/div>\n\t\t\t\t\t<\/div>\n\t\t\t\t<\/div>\n\t\t\t\t<\/div>\n\t\t","protected":false},"excerpt":{"rendered":"<p>Conception et Impression 3D Utiles Objets cr\u00e9\u00e9s et imprim\u00e9s par mes soins Je con\u00e7ois et imprime divers objets utiles et gadgets, enti\u00e8rement dessin\u00e9s et r\u00e9alis\u00e9s par mes soins.Il est \u00e9galement possible de commander des prototypes, des objets personnalis\u00e9s, des goodies et bien plus encore Embout Piscine T\u00eate impression MyXCore300 Pi\u00e8ces Imprimante Ultimaker Support Casque Avengers [&hellip;]<\/p>\n","protected":false},"author":1,"featured_media":0,"parent":0,"menu_order":0,"comment_status":"closed","ping_status":"closed","template":"","meta":{"footnotes":""},"class_list":["post-77","page","type-page","status-publish","hentry"],"yoast_head":"<!-- This site is optimized with the Yoast SEO plugin v26.9 - https:\/\/yoast.com\/product\/yoast-seo-wordpress\/ -->\n<title>Impression 3D - EB Cr\u00e9ation<\/title>\n<meta name=\"robots\" content=\"index, follow, max-snippet:-1, max-image-preview:large, max-video-preview:-1\" \/>\n<link rel=\"canonical\" href=\"https:\/\/ebcreation.fr\/index.php\/impression3d-conception\/\" \/>\n<meta property=\"og:locale\" content=\"fr_FR\" \/>\n<meta property=\"og:type\" content=\"article\" \/>\n<meta property=\"og:title\" content=\"Impression 3D - EB Cr\u00e9ation\" \/>\n<meta property=\"og:description\" content=\"Conception et Impression 3D Utiles Objets cr\u00e9\u00e9s et imprim\u00e9s par mes soins Je con\u00e7ois et imprime divers objets utiles et gadgets, enti\u00e8rement dessin\u00e9s et r\u00e9alis\u00e9s par mes soins.Il est \u00e9galement possible de commander des prototypes, des objets personnalis\u00e9s, des goodies et bien plus encore Embout Piscine T\u00eate impression MyXCore300 Pi\u00e8ces Imprimante Ultimaker Support Casque Avengers [&hellip;]\" \/>\n<meta property=\"og:url\" content=\"https:\/\/ebcreation.fr\/index.php\/impression3d-conception\/\" \/>\n<meta property=\"og:site_name\" content=\"EB Cr\u00e9ation\" \/>\n<meta property=\"article:publisher\" content=\"https:\/\/www.facebook.com\/ebcreation17\/\" \/>\n<meta property=\"article:modified_time\" content=\"2026-02-05T13:14:02+00:00\" \/>\n<meta property=\"og:image\" content=\"http:\/\/ebcreation.fr\/wp-content\/uploads\/2024\/07\/3d-EBcreation-piscine.jpg\" \/>\n<meta name=\"twitter:card\" content=\"summary_large_image\" \/>\n<meta name=\"twitter:label1\" content=\"Dur\u00e9e de lecture estim\u00e9e\" \/>\n\t<meta name=\"twitter:data1\" content=\"3 minutes\" \/>\n<script type=\"application\/ld+json\" class=\"yoast-schema-graph\">{\"@context\":\"https:\/\/schema.org\",\"@graph\":[{\"@type\":\"WebPage\",\"@id\":\"https:\/\/ebcreation.fr\/index.php\/impression3d-conception\/\",\"url\":\"https:\/\/ebcreation.fr\/index.php\/impression3d-conception\/\",\"name\":\"Impression 3D - EB Cr\u00e9ation\",\"isPartOf\":{\"@id\":\"http:\/\/ebcreation.fr\/#website\"},\"primaryImageOfPage\":{\"@id\":\"https:\/\/ebcreation.fr\/index.php\/impression3d-conception\/#primaryimage\"},\"image\":{\"@id\":\"https:\/\/ebcreation.fr\/index.php\/impression3d-conception\/#primaryimage\"},\"thumbnailUrl\":\"http:\/\/ebcreation.fr\/wp-content\/uploads\/2024\/07\/3d-EBcreation-piscine.jpg\",\"datePublished\":\"2024-06-17T03:30:03+00:00\",\"dateModified\":\"2026-02-05T13:14:02+00:00\",\"breadcrumb\":{\"@id\":\"https:\/\/ebcreation.fr\/index.php\/impression3d-conception\/#breadcrumb\"},\"inLanguage\":\"fr-FR\",\"potentialAction\":[{\"@type\":\"ReadAction\",\"target\":[\"https:\/\/ebcreation.fr\/index.php\/impression3d-conception\/\"]}]},{\"@type\":\"ImageObject\",\"inLanguage\":\"fr-FR\",\"@id\":\"https:\/\/ebcreation.fr\/index.php\/impression3d-conception\/#primaryimage\",\"url\":\"http:\/\/ebcreation.fr\/wp-content\/uploads\/2024\/07\/3d-EBcreation-piscine.jpg\",\"contentUrl\":\"http:\/\/ebcreation.fr\/wp-content\/uploads\/2024\/07\/3d-EBcreation-piscine.jpg\"},{\"@type\":\"BreadcrumbList\",\"@id\":\"https:\/\/ebcreation.fr\/index.php\/impression3d-conception\/#breadcrumb\",\"itemListElement\":[{\"@type\":\"ListItem\",\"position\":1,\"name\":\"Accueil\",\"item\":\"https:\/\/ebcreation.fr\/\"},{\"@type\":\"ListItem\",\"position\":2,\"name\":\"Impression 3D\"}]},{\"@type\":\"WebSite\",\"@id\":\"http:\/\/ebcreation.fr\/#website\",\"url\":\"http:\/\/ebcreation.fr\/\",\"name\":\"ebcreation.fr\",\"description\":\"Le num\u00e9rique, ma passion \u00e0 votre service.\",\"publisher\":{\"@id\":\"http:\/\/ebcreation.fr\/#organization\"},\"potentialAction\":[{\"@type\":\"SearchAction\",\"target\":{\"@type\":\"EntryPoint\",\"urlTemplate\":\"http:\/\/ebcreation.fr\/?s={search_term_string}\"},\"query-input\":{\"@type\":\"PropertyValueSpecification\",\"valueRequired\":true,\"valueName\":\"search_term_string\"}}],\"inLanguage\":\"fr-FR\"},{\"@type\":\"Organization\",\"@id\":\"http:\/\/ebcreation.fr\/#organization\",\"name\":\"Eb Cr\u00e9ation\",\"url\":\"http:\/\/ebcreation.fr\/\",\"logo\":{\"@type\":\"ImageObject\",\"inLanguage\":\"fr-FR\",\"@id\":\"http:\/\/ebcreation.fr\/#\/schema\/logo\/image\/\",\"url\":\"https:\/\/ebcreation.fr\/wp-content\/uploads\/2024\/06\/Logo-2022-600.png\",\"contentUrl\":\"https:\/\/ebcreation.fr\/wp-content\/uploads\/2024\/06\/Logo-2022-600.png\",\"width\":600,\"height\":241,\"caption\":\"Eb Cr\u00e9ation\"},\"image\":{\"@id\":\"http:\/\/ebcreation.fr\/#\/schema\/logo\/image\/\"},\"sameAs\":[\"https:\/\/www.facebook.com\/ebcreation17\/\",\"https:\/\/www.instagram.com\/ebcreation17\/\"]}]}<\/script>\n<!-- \/ Yoast SEO plugin. -->","yoast_head_json":{"title":"Impression 3D - EB Cr\u00e9ation","robots":{"index":"index","follow":"follow","max-snippet":"max-snippet:-1","max-image-preview":"max-image-preview:large","max-video-preview":"max-video-preview:-1"},"canonical":"https:\/\/ebcreation.fr\/index.php\/impression3d-conception\/","og_locale":"fr_FR","og_type":"article","og_title":"Impression 3D - EB Cr\u00e9ation","og_description":"Conception et Impression 3D Utiles Objets cr\u00e9\u00e9s et imprim\u00e9s par mes soins Je con\u00e7ois et imprime divers objets utiles et gadgets, enti\u00e8rement dessin\u00e9s et r\u00e9alis\u00e9s par mes soins.Il est \u00e9galement possible de commander des prototypes, des objets personnalis\u00e9s, des goodies et bien plus encore Embout Piscine T\u00eate impression MyXCore300 Pi\u00e8ces Imprimante Ultimaker Support Casque Avengers [&hellip;]","og_url":"https:\/\/ebcreation.fr\/index.php\/impression3d-conception\/","og_site_name":"EB Cr\u00e9ation","article_publisher":"https:\/\/www.facebook.com\/ebcreation17\/","article_modified_time":"2026-02-05T13:14:02+00:00","og_image":[{"url":"http:\/\/ebcreation.fr\/wp-content\/uploads\/2024\/07\/3d-EBcreation-piscine.jpg","type":"","width":"","height":""}],"twitter_card":"summary_large_image","twitter_misc":{"Dur\u00e9e de lecture estim\u00e9e":"3 minutes"},"schema":{"@context":"https:\/\/schema.org","@graph":[{"@type":"WebPage","@id":"https:\/\/ebcreation.fr\/index.php\/impression3d-conception\/","url":"https:\/\/ebcreation.fr\/index.php\/impression3d-conception\/","name":"Impression 3D - EB Cr\u00e9ation","isPartOf":{"@id":"http:\/\/ebcreation.fr\/#website"},"primaryImageOfPage":{"@id":"https:\/\/ebcreation.fr\/index.php\/impression3d-conception\/#primaryimage"},"image":{"@id":"https:\/\/ebcreation.fr\/index.php\/impression3d-conception\/#primaryimage"},"thumbnailUrl":"http:\/\/ebcreation.fr\/wp-content\/uploads\/2024\/07\/3d-EBcreation-piscine.jpg","datePublished":"2024-06-17T03:30:03+00:00","dateModified":"2026-02-05T13:14:02+00:00","breadcrumb":{"@id":"https:\/\/ebcreation.fr\/index.php\/impression3d-conception\/#breadcrumb"},"inLanguage":"fr-FR","potentialAction":[{"@type":"ReadAction","target":["https:\/\/ebcreation.fr\/index.php\/impression3d-conception\/"]}]},{"@type":"ImageObject","inLanguage":"fr-FR","@id":"https:\/\/ebcreation.fr\/index.php\/impression3d-conception\/#primaryimage","url":"http:\/\/ebcreation.fr\/wp-content\/uploads\/2024\/07\/3d-EBcreation-piscine.jpg","contentUrl":"http:\/\/ebcreation.fr\/wp-content\/uploads\/2024\/07\/3d-EBcreation-piscine.jpg"},{"@type":"BreadcrumbList","@id":"https:\/\/ebcreation.fr\/index.php\/impression3d-conception\/#breadcrumb","itemListElement":[{"@type":"ListItem","position":1,"name":"Accueil","item":"https:\/\/ebcreation.fr\/"},{"@type":"ListItem","position":2,"name":"Impression 3D"}]},{"@type":"WebSite","@id":"http:\/\/ebcreation.fr\/#website","url":"http:\/\/ebcreation.fr\/","name":"ebcreation.fr","description":"Le num\u00e9rique, ma passion \u00e0 votre service.","publisher":{"@id":"http:\/\/ebcreation.fr\/#organization"},"potentialAction":[{"@type":"SearchAction","target":{"@type":"EntryPoint","urlTemplate":"http:\/\/ebcreation.fr\/?s={search_term_string}"},"query-input":{"@type":"PropertyValueSpecification","valueRequired":true,"valueName":"search_term_string"}}],"inLanguage":"fr-FR"},{"@type":"Organization","@id":"http:\/\/ebcreation.fr\/#organization","name":"Eb Cr\u00e9ation","url":"http:\/\/ebcreation.fr\/","logo":{"@type":"ImageObject","inLanguage":"fr-FR","@id":"http:\/\/ebcreation.fr\/#\/schema\/logo\/image\/","url":"https:\/\/ebcreation.fr\/wp-content\/uploads\/2024\/06\/Logo-2022-600.png","contentUrl":"https:\/\/ebcreation.fr\/wp-content\/uploads\/2024\/06\/Logo-2022-600.png","width":600,"height":241,"caption":"Eb Cr\u00e9ation"},"image":{"@id":"http:\/\/ebcreation.fr\/#\/schema\/logo\/image\/"},"sameAs":["https:\/\/www.facebook.com\/ebcreation17\/","https:\/\/www.instagram.com\/ebcreation17\/"]}]}},"_links":{"self":[{"href":"https:\/\/ebcreation.fr\/index.php\/wp-json\/wp\/v2\/pages\/77","targetHints":{"allow":["GET"]}}],"collection":[{"href":"https:\/\/ebcreation.fr\/index.php\/wp-json\/wp\/v2\/pages"}],"about":[{"href":"https:\/\/ebcreation.fr\/index.php\/wp-json\/wp\/v2\/types\/page"}],"author":[{"embeddable":true,"href":"https:\/\/ebcreation.fr\/index.php\/wp-json\/wp\/v2\/users\/1"}],"replies":[{"embeddable":true,"href":"https:\/\/ebcreation.fr\/index.php\/wp-json\/wp\/v2\/comments?post=77"}],"version-history":[{"count":40,"href":"https:\/\/ebcreation.fr\/index.php\/wp-json\/wp\/v2\/pages\/77\/revisions"}],"predecessor-version":[{"id":308,"href":"https:\/\/ebcreation.fr\/index.php\/wp-json\/wp\/v2\/pages\/77\/revisions\/308"}],"wp:attachment":[{"href":"https:\/\/ebcreation.fr\/index.php\/wp-json\/wp\/v2\/media?parent=77"}],"curies":[{"name":"wp","href":"https:\/\/api.w.org\/{rel}","templated":true}]}}